{"id":1594,"date":"2024-10-19T19:10:06","date_gmt":"2024-10-19T19:10:06","guid":{"rendered":"http:\/\/koerad.virtuaalnetugi.ee\/contact\/"},"modified":"2024-11-01T01:21:45","modified_gmt":"2024-11-01T01:21:45","slug":"contact","status":"publish","type":"page","link":"https:\/\/koerad.virtuaalnetugi.ee\/en\/contact\/","title":{"rendered":"Kontakt"},"content":{"rendered":"<h2>Hakka vabatahtlikuks!<\/h2>\t\t\n\t\t<p>Kas Sul on kodus sotsiaalne, suhtlemisele avatud koer, kes naudib inimeste t\u00e4helepanu ja kohaneb h\u00e4sti uues olukorras?<\/p>\n<p>Kas Sulle meeldib jagada oma koeraga seotud&nbsp;toredaid&nbsp;tegemisi,&nbsp;<wbr>teda&nbsp;esitleda&nbsp;ja avada&nbsp;<wbr>erinevaid v\u00f5imalusi?<\/p>\n<p>Kas Sul on v\u00f5imalik tund v\u00f5i paar n\u00e4dalas oma aega panustada?<\/p>\nKas Sa soovid kogukonnale vabatahtliku tegevuse kaudu tuge pakkuda?<br>\nKas Sa oled v\u00e4hemalt 18 aastat vana?\nKui vastasid k\u00f5igile k\u00fcsimustele jaatavalt, v\u00f5ib tegutsemine meie \u00fchingu vabatahlikuna sulle meeldida.<br><br>\n<p>Et liituda meie tiimiga, peaksid oma koeraga l\u00e4bima&nbsp;<a href=\"https:\/\/teraapiakoer.ee\/sobivustestimine\/\" target=\"_blank\" rel=\"noopener\">sobivushindamise<\/a>, osalema baaskoolitusel ning&nbsp;<a href=\"https:\/\/teraapiakoer.ee\/teraapiakoeratiimi-eksami-reeglid-ja-kirjeldus\/\">teraapiakoeratiimi eksamil<\/a>.<\/p><p>&nbsp;Teraapiakoeratiimid, mis sooritavad eksami edukalt, saavad rahvusvahelise litsentsi ning&nbsp;<a href=\"https:\/\/teraapiakoer.ee\/register\/\">unikaalse ID numbri<\/a>. \u00dchingu liikmete t\u00f6\u00f6d koordineerivad meie regionaalsed koordinaatorid.<\/p>\n<p>Kui tahad oma neljajalgse s\u00f5braga meiega liituda,&nbsp;<a href=\"https:\/\/teraapiakoer.ee\/kontakt\/\">v\u00f5ta meiega \u00fchendust<\/a><\/p><h1>Contact Us<\/h1><h2>We&#8217;re Ready, Let&#8217;s Talk.<\/h2>\n<form method=\"post\" autocomplete=\"on\" name=\"uagb-form-1fe81ee7\">First Name<input type=\"text\" placeholder=\"Your Name\" name=\"573a2c06\" autocomplete=\"given-name\"\/>\nEmail<input type=\"email\" placeholder=\"Email Address\" name=\"c9c1e71d\" autocomplete=\"email\"\/>\nMessage<textarea required rows=\"3\" placeholder=\"Message\" name=\"328cab83\" autocomplete=\"off\"><\/textarea><input type=\"hidden\" value=\"Spectra Form\"\/><input type=\"hidden\" value=\"uagb-form-1fe81ee7\"\/><button>SEND mESSAGE<\/button><input type=\"hidden\" name=\"trp-form-language\" value=\"en\"\/><\/form>The form has been submitted successfully!There has been some error while submitting the form. Please verify all form fields again.\n<h2>Contact Info<\/h2>\n<h5><strong>Address<\/strong><\/h5><p>123 Fifth Avenue, NY 10160, New York, USA<\/p>\n<h5><strong>Email Us<\/strong><\/h5><p>contact@example.com\u200b<\/p>\n<h5><strong>Call Us<\/strong><\/h5><p>800-123-456<\/p>\n<h5><strong>Follow Us<\/strong><\/h5>\n<svg xmlns=\"https:\/\/www.w3.org\/2000\/svg\" viewbox=\"0 0 320 512\"><path d=\"M279.1 288l14.22-92.66h-88.91v-60.13c0-25.35 12.42-50.06 52.24-50.06h40.42V6.26S260.4 0 225.4 0c-73.22 0-121.1 44.38-121.1 124.7v70.62H22.89V288h81.39v224h100.2V288z\"><\/path><\/svg>\n<svg xmlns=\"https:\/\/www.w3.org\/2000\/svg\" viewbox=\"0 0 512 512\"><path d=\"M459.4 151.7c.325 4.548 .325 9.097 .325 13.65 0 138.7-105.6 298.6-298.6 298.6-59.45 0-114.7-17.22-161.1-47.11 8.447 .974 16.57 1.299 25.34 1.299 49.06 0 94.21-16.57 130.3-44.83-46.13-.975-84.79-31.19-98.11-72.77 6.498 .974 12.99 1.624 19.82 1.624 9.421 0 18.84-1.3 27.61-3.573-48.08-9.747-84.14-51.98-84.14-102.1v-1.299c13.97 7.797 30.21 12.67 47.43 13.32-28.26-18.84-46.78-51.01-46.78-87.39 0-19.49 5.197-37.36 14.29-52.95 51.65 63.67 129.3 105.3 216.4 109.8-1.624-7.797-2.599-15.92-2.599-24.04 0-57.83 46.78-104.9 104.9-104.9 30.21 0 57.5 12.67 76.67 33.14 23.72-4.548 46.46-13.32 66.6-25.34-7.798 24.37-24.37 44.83-46.13 57.83 21.12-2.273 41.58-8.122 60.43-16.24-14.29 20.79-32.16 39.31-52.63 54.25z\"><\/path><\/svg>\n<svg xmlns=\"https:\/\/www.w3.org\/2000\/svg\" viewbox=\"0 0 576 512\"><path d=\"M549.7 124.1c-6.281-23.65-24.79-42.28-48.28-48.6C458.8 64 288 64 288 64S117.2 64 74.63 75.49c-23.5 6.322-42 24.95-48.28 48.6-11.41 42.87-11.41 132.3-11.41 132.3s0 89.44 11.41 132.3c6.281 23.65 24.79 41.5 48.28 47.82C117.2 448 288 448 288 448s170.8 0 213.4-11.49c23.5-6.321 42-24.17 48.28-47.82 11.41-42.87 11.41-132.3 11.41-132.3s0-89.44-11.41-132.3zm-317.5 213.5V175.2l142.7 81.21-142.7 81.2z\"><\/path><\/svg>","protected":false},"excerpt":{"rendered":"<p>Hakka vabatahtlikuks! Kas Sul on kodus sotsiaalne, suhtlemisele avatud koer, kes naudib inimeste t\u00e4helepanu ja kohaneb h\u00e4sti uues olukorras? Kas Sulle meeldib jagada oma koeraga seotud&nbsp;toredaid&nbsp;tegemisi,&nbsp;teda&nbsp;esitleda&nbsp;ja avada&nbsp;erinevaid v\u00f5imalusi? Kas Sul on v\u00f5imalik tund v\u00f5i paar n\u00e4dalas oma aega panustada? Kas Sa soovid kogukonnale vabatahtliku tegevuse kaudu tuge pakkuda? Kas Sa oled v\u00e4hemalt 18 aastat vana? [&hellip;]<\/p>","protected":false},"author":1,"featured_media":0,"parent":0,"menu_order":0,"comment_status":"closed","ping_status":"closed","template":"","meta":{"_surecart_dashboard_logo_width":"180px","_surecart_dashboard_show_logo":true,"_surecart_dashboard_navigation_orders":true,"_surecart_dashboard_navigation_invoices":true,"_surecart_dashboard_navigation_subscriptions":true,"_surecart_dashboard_navigation_downloads":true,"_surecart_dashboard_navigation_billing":true,"_surecart_dashboard_navigation_account":true,"_uag_custom_page_level_css":"","site-sidebar-layout":"no-sidebar","site-content-layout":"plain-container","ast-site-content-layout":"full-width-container","site-content-style":"unboxed","site-sidebar-style":"unboxed","ast-global-header-display":"","ast-banner-title-visibility":"","ast-main-header-display":"","ast-hfb-above-header-display":"","ast-hfb-below-header-display":"","ast-hfb-mobile-header-display":"","site-post-title":"disabled","ast-breadcrumbs-content":"","ast-featured-img":"","footer-sml-layout":"","theme-transparent-header-meta":"enabled","adv-header-id-meta":"","stick-header-meta":"","header-above-stick-meta":"","header-main-stick-meta":"","header-below-stick-meta":"","astra-migrate-meta-layouts":"set","ast-page-background-enabled":"default","ast-page-background-meta":{"desktop":{"background-color":"","background-image":"","background-repeat":"repeat","background-position":"center center","background-size":"auto","background-attachment":"scroll","background-type":"","background-media":"","overlay-type":"","overlay-color":"","overlay-opacity":"","overlay-gradient":""},"tablet":{"background-color":"","background-image":"","background-repeat":"repeat","background-position":"center center","background-size":"auto","background-attachment":"scroll","background-type":"","background-media":"","overlay-type":"","overlay-color":"","overlay-opacity":"","overlay-gradient":""},"mobile":{"background-color":"","background-image":"","background-repeat":"repeat","background-position":"center center","background-size":"auto","background-attachment":"scroll","background-type":"","background-media":"","overlay-type":"","overlay-color":"","overlay-opacity":"","overlay-gradient":""}},"ast-content-background-meta":{"desktop":{"background-color":"var(--ast-global-color-5)","background-image":"","background-repeat":"repeat","background-position":"center center","background-size":"auto","background-attachment":"scroll","background-type":"","background-media":"","overlay-type":"","overlay-color":"","overlay-opacity":"","overlay-gradient":""},"tablet":{"background-color":"var(--ast-global-color-5)","background-image":"","background-repeat":"repeat","background-position":"center center","background-size":"auto","background-attachment":"scroll","background-type":"","background-media":"","overlay-type":"","overlay-color":"","overlay-opacity":"","overlay-gradient":""},"mobile":{"background-color":"var(--ast-global-color-5)","background-image":"","background-repeat":"repeat","background-position":"center center","background-size":"auto","background-attachment":"scroll","background-type":"","background-media":"","overlay-type":"","overlay-color":"","overlay-opacity":"","overlay-gradient":""}},"footnotes":""},"class_list":["post-1594","page","type-page","status-publish","hentry"],"yoast_head":"<!-- This site is optimized with the Yoast SEO plugin v23.8 - https:\/\/yoast.com\/wordpress\/plugins\/seo\/ -->\n<title>Kontakt - teraapiakoerad<\/title>\n<meta name=\"robots\" content=\"noindex, follow, max-snippet:-1, max-image-preview:large, max-video-preview:-1\" \/>\n<meta property=\"og:locale\" content=\"en_GB\" \/>\n<meta property=\"og:type\" content=\"article\" \/>\n<meta property=\"og:title\" content=\"Kontakt - teraapiakoerad\" \/>\n<meta property=\"og:description\" content=\"Hakka vabatahtlikuks! Kas Sul on kodus sotsiaalne, suhtlemisele avatud koer, kes naudib inimeste t\u00e4helepanu ja kohaneb h\u00e4sti uues olukorras? Kas Sulle meeldib jagada oma koeraga seotud&nbsp;toredaid&nbsp;tegemisi,&nbsp;teda&nbsp;esitleda&nbsp;ja avada&nbsp;erinevaid v\u00f5imalusi? Kas Sul on v\u00f5imalik tund v\u00f5i paar n\u00e4dalas oma aega panustada? Kas Sa soovid kogukonnale vabatahtliku tegevuse kaudu tuge pakkuda? Kas Sa oled v\u00e4hemalt 18 aastat vana? [&hellip;]\" \/>\n<meta property=\"og:url\" content=\"https:\/\/koerad.virtuaalnetugi.ee\/en\/contact\/\" \/>\n<meta property=\"og:site_name\" content=\"teraapiakoerad\" \/>\n<meta property=\"article:modified_time\" content=\"2024-11-01T01:21:45+00:00\" \/>\n<meta name=\"twitter:card\" content=\"summary_large_image\" \/>\n<meta name=\"twitter:label1\" content=\"Estimated reading time\" \/>\n\t<meta name=\"twitter:data1\" content=\"1 minute\" \/>\n<script type=\"application\/ld+json\" class=\"yoast-schema-graph\">{\"@context\":\"https:\/\/schema.org\",\"@graph\":[{\"@type\":\"WebPage\",\"@id\":\"https:\/\/koerad.virtuaalnetugi.ee\/contact\/\",\"url\":\"https:\/\/koerad.virtuaalnetugi.ee\/contact\/\",\"name\":\"Kontakt - teraapiakoerad\",\"isPartOf\":{\"@id\":\"https:\/\/koerad.virtuaalnetugi.ee\/#website\"},\"datePublished\":\"2024-10-19T19:10:06+00:00\",\"dateModified\":\"2024-11-01T01:21:45+00:00\",\"breadcrumb\":{\"@id\":\"https:\/\/koerad.virtuaalnetugi.ee\/contact\/#breadcrumb\"},\"inLanguage\":\"en-GB\",\"potentialAction\":[{\"@type\":\"ReadAction\",\"target\":[\"https:\/\/koerad.virtuaalnetugi.ee\/contact\/\"]}]},{\"@type\":\"BreadcrumbList\",\"@id\":\"https:\/\/koerad.virtuaalnetugi.ee\/contact\/#breadcrumb\",\"itemListElement\":[{\"@type\":\"ListItem\",\"position\":1,\"name\":\"Home\",\"item\":\"https:\/\/koerad.virtuaalnetugi.ee\/\"},{\"@type\":\"ListItem\",\"position\":2,\"name\":\"Kontakt\"}]},{\"@type\":\"WebSite\",\"@id\":\"https:\/\/koerad.virtuaalnetugi.ee\/#website\",\"url\":\"https:\/\/koerad.virtuaalnetugi.ee\/\",\"name\":\"teraapiakoerad\",\"description\":\"\",\"publisher\":{\"@id\":\"https:\/\/koerad.virtuaalnetugi.ee\/#organization\"},\"potentialAction\":[{\"@type\":\"SearchAction\",\"target\":{\"@type\":\"EntryPoint\",\"urlTemplate\":\"https:\/\/koerad.virtuaalnetugi.ee\/?s={search_term_string}\"},\"query-input\":{\"@type\":\"PropertyValueSpecification\",\"valueRequired\":true,\"valueName\":\"search_term_string\"}}],\"inLanguage\":\"en-GB\"},{\"@type\":\"Organization\",\"@id\":\"https:\/\/koerad.virtuaalnetugi.ee\/#organization\",\"name\":\"teraapiakoerad\",\"url\":\"https:\/\/koerad.virtuaalnetugi.ee\/\",\"logo\":{\"@type\":\"ImageObject\",\"inLanguage\":\"en-GB\",\"@id\":\"https:\/\/koerad.virtuaalnetugi.ee\/#\/schema\/logo\/image\/\",\"url\":\"https:\/\/koerad.virtuaalnetugi.ee\/wp-content\/uploads\/2024\/10\/cropped-cropped-EATKY_logo_tekstk6rval_SININE_EST-page-001-1.jpg\",\"contentUrl\":\"https:\/\/koerad.virtuaalnetugi.ee\/wp-content\/uploads\/2024\/10\/cropped-cropped-EATKY_logo_tekstk6rval_SININE_EST-page-001-1.jpg\",\"width\":2008,\"height\":660,\"caption\":\"teraapiakoerad\"},\"image\":{\"@id\":\"https:\/\/koerad.virtuaalnetugi.ee\/#\/schema\/logo\/image\/\"}}]}<\/script>\n<!-- \/ Yoast SEO plugin. -->","yoast_head_json":{"title":"Kontakt - teraapiakoerad","robots":{"index":"noindex","follow":"follow","max-snippet":"max-snippet:-1","max-image-preview":"max-image-preview:large","max-video-preview":"max-video-preview:-1"},"og_locale":"en_GB","og_type":"article","og_title":"Kontakt - teraapiakoerad","og_description":"Hakka vabatahtlikuks! Kas Sul on kodus sotsiaalne, suhtlemisele avatud koer, kes naudib inimeste t\u00e4helepanu ja kohaneb h\u00e4sti uues olukorras? Kas Sulle meeldib jagada oma koeraga seotud&nbsp;toredaid&nbsp;tegemisi,&nbsp;teda&nbsp;esitleda&nbsp;ja avada&nbsp;erinevaid v\u00f5imalusi? Kas Sul on v\u00f5imalik tund v\u00f5i paar n\u00e4dalas oma aega panustada? Kas Sa soovid kogukonnale vabatahtliku tegevuse kaudu tuge pakkuda? Kas Sa oled v\u00e4hemalt 18 aastat vana? [&hellip;]","og_url":"https:\/\/koerad.virtuaalnetugi.ee\/en\/contact\/","og_site_name":"teraapiakoerad","article_modified_time":"2024-11-01T01:21:45+00:00","twitter_card":"summary_large_image","twitter_misc":{"Estimated reading time":"1 minute"},"schema":{"@context":"https:\/\/schema.org","@graph":[{"@type":"WebPage","@id":"https:\/\/koerad.virtuaalnetugi.ee\/contact\/","url":"https:\/\/koerad.virtuaalnetugi.ee\/contact\/","name":"Kontakt - teraapiakoerad","isPartOf":{"@id":"https:\/\/koerad.virtuaalnetugi.ee\/#website"},"datePublished":"2024-10-19T19:10:06+00:00","dateModified":"2024-11-01T01:21:45+00:00","breadcrumb":{"@id":"https:\/\/koerad.virtuaalnetugi.ee\/contact\/#breadcrumb"},"inLanguage":"en-GB","potentialAction":[{"@type":"ReadAction","target":["https:\/\/koerad.virtuaalnetugi.ee\/contact\/"]}]},{"@type":"BreadcrumbList","@id":"https:\/\/koerad.virtuaalnetugi.ee\/contact\/#breadcrumb","itemListElement":[{"@type":"ListItem","position":1,"name":"Home","item":"https:\/\/koerad.virtuaalnetugi.ee\/"},{"@type":"ListItem","position":2,"name":"Kontakt"}]},{"@type":"WebSite","@id":"https:\/\/koerad.virtuaalnetugi.ee\/#website","url":"https:\/\/koerad.virtuaalnetugi.ee\/","name":"teraapiakoerad","description":"","publisher":{"@id":"https:\/\/koerad.virtuaalnetugi.ee\/#organization"},"potentialAction":[{"@type":"SearchAction","target":{"@type":"EntryPoint","urlTemplate":"https:\/\/koerad.virtuaalnetugi.ee\/?s={search_term_string}"},"query-input":{"@type":"PropertyValueSpecification","valueRequired":true,"valueName":"search_term_string"}}],"inLanguage":"en-GB"},{"@type":"Organization","@id":"https:\/\/koerad.virtuaalnetugi.ee\/#organization","name":"teraapiakoerad","url":"https:\/\/koerad.virtuaalnetugi.ee\/","logo":{"@type":"ImageObject","inLanguage":"en-GB","@id":"https:\/\/koerad.virtuaalnetugi.ee\/#\/schema\/logo\/image\/","url":"https:\/\/koerad.virtuaalnetugi.ee\/wp-content\/uploads\/2024\/10\/cropped-cropped-EATKY_logo_tekstk6rval_SININE_EST-page-001-1.jpg","contentUrl":"https:\/\/koerad.virtuaalnetugi.ee\/wp-content\/uploads\/2024\/10\/cropped-cropped-EATKY_logo_tekstk6rval_SININE_EST-page-001-1.jpg","width":2008,"height":660,"caption":"teraapiakoerad"},"image":{"@id":"https:\/\/koerad.virtuaalnetugi.ee\/#\/schema\/logo\/image\/"}}]}},"uagb_featured_image_src":{"full":false,"thumbnail":false,"medium":false,"medium_large":false,"large":false,"1536x1536":false,"2048x2048":false,"trp-custom-language-flag":false,"woocommerce_thumbnail":false,"woocommerce_single":false,"woocommerce_gallery_thumbnail":false},"uagb_author_info":{"display_name":"Kristi","author_link":"https:\/\/koerad.virtuaalnetugi.ee\/en\/author\/kristi\/"},"uagb_comment_info":0,"uagb_excerpt":"Hakka vabatahtlikuks! Kas Sul on kodus sotsiaalne, suhtlemisele avatud koer, kes naudib inimeste t\u00e4helepanu ja kohaneb h\u00e4sti uues olukorras? Kas Sulle meeldib jagada oma koeraga seotud&nbsp;toredaid&nbsp;tegemisi,&nbsp;teda&nbsp;esitleda&nbsp;ja avada&nbsp;erinevaid v\u00f5imalusi? Kas Sul on v\u00f5imalik tund v\u00f5i paar n\u00e4dalas oma aega panustada? Kas Sa soovid kogukonnale vabatahtliku tegevuse kaudu tuge pakkuda? Kas Sa oled v\u00e4hemalt 18 aastat vana?&hellip;","_links":{"self":[{"href":"https:\/\/koerad.virtuaalnetugi.ee\/en\/wp-json\/wp\/v2\/pages\/1594","targetHints":{"allow":["GET"]}}],"collection":[{"href":"https:\/\/koerad.virtuaalnetugi.ee\/en\/wp-json\/wp\/v2\/pages"}],"about":[{"href":"https:\/\/koerad.virtuaalnetugi.ee\/en\/wp-json\/wp\/v2\/types\/page"}],"author":[{"embeddable":true,"href":"https:\/\/koerad.virtuaalnetugi.ee\/en\/wp-json\/wp\/v2\/users\/1"}],"replies":[{"embeddable":true,"href":"https:\/\/koerad.virtuaalnetugi.ee\/en\/wp-json\/wp\/v2\/comments?post=1594"}],"version-history":[{"count":5,"href":"https:\/\/koerad.virtuaalnetugi.ee\/en\/wp-json\/wp\/v2\/pages\/1594\/revisions"}],"predecessor-version":[{"id":1788,"href":"https:\/\/koerad.virtuaalnetugi.ee\/en\/wp-json\/wp\/v2\/pages\/1594\/revisions\/1788"}],"wp:attachment":[{"href":"https:\/\/koerad.virtuaalnetugi.ee\/en\/wp-json\/wp\/v2\/media?parent=1594"}],"curies":[{"name":"wp","href":"https:\/\/api.w.org\/{rel}","templated":true}]}}