{"id":1042,"date":"2024-10-10T10:56:35","date_gmt":"2024-10-10T10:56:35","guid":{"rendered":"http:\/\/koerad.virtuaalnetugi.ee\/about-me\/"},"modified":"2024-10-14T20:23:10","modified_gmt":"2024-10-14T20:23:10","slug":"about-me","status":"publish","type":"page","link":"https:\/\/koerad.virtuaalnetugi.ee\/en\/about-me\/","title":{"rendered":"Meist"},"content":{"rendered":"<p><img loading=\"lazy\" decoding=\"async\" width=\"2560\" height=\"1464\" src=\"http:\/\/koerad.virtuaalnetugi.ee\/wp-content\/uploads\/2024\/10\/koduka-avaleht3-scaled.jpg\" alt=\"\" srcset=\"http:\/\/koerad.virtuaalnetugi.ee\/wp-content\/uploads\/2024\/10\/koduka-avaleht3-scaled.jpg 2560w, http:\/\/koerad.virtuaalnetugi.ee\/wp-content\/uploads\/2024\/10\/koduka-avaleht3-300x172.jpg 300w, http:\/\/koerad.virtuaalnetugi.ee\/wp-content\/uploads\/2024\/10\/koduka-avaleht3-1024x586.jpg 1024w, http:\/\/koerad.virtuaalnetugi.ee\/wp-content\/uploads\/2024\/10\/koduka-avaleht3-768x439.jpg 768w, http:\/\/koerad.virtuaalnetugi.ee\/wp-content\/uploads\/2024\/10\/koduka-avaleht3-1536x879.jpg 1536w, http:\/\/koerad.virtuaalnetugi.ee\/wp-content\/uploads\/2024\/10\/koduka-avaleht3-2048x1171.jpg 2048w, http:\/\/koerad.virtuaalnetugi.ee\/wp-content\/uploads\/2024\/10\/koduka-avaleht3-600x343.jpg 600w\" sizes=\"auto, (max-width: 2560px) 100vw, 2560px\" \/>\t\t\t\t\t\t\t\t\t\t\t\t\t<\/p>\n<p>Mittetulundus\u00fching Eesti Abi- ja Teraapiakoerte \u00dching on 2008. aastal loodud \u00fcleriigiline katusorganisatsioon, mis esindab f\u00fc\u00fcsilisi ja juriidilisi isikuid, kes t\u00f6\u00f6tavad koos teraapiakoertega tervishoiu-, haridus- ja sotsiaalvaldkonnas v\u00f5i on seotud teraapiakoerte kasvatamise ja ettevalmistamisega t\u00f6\u00f6ks. Meie eesm\u00e4rk on edendada koeri kaasavaid sekkumistegevusi Eestis, seista vastutustundliku lemmikloomapidamise eest ning v\u00e4\u00e4rtustada inimese ja koera vahelist sidet.<\/p>\n<p>Eesti Abi- ja Teraapiakoerte \u00dching on ainus organisatsioon Eestis, mis viib l\u00e4bi sobivushindamisi, koolitab ning eksamineerib teraapiakoeratiime. K\u00f5ik meie koeratiimid omavad rahvusvahelist litsentsi.<\/p>\n<p>\u00dching t\u00f6\u00f6tab koos partneritega v\u00e4lja ja arendab Eesti sotsiaal-, haridus- ning tervishoiuvaldkonnaga k\u00f5ige paremini sobivat s\u00fcsteemi. Teeme rahvusvahelist koost\u00f6\u00f6d, et tuua Eestisse vastava ala teadmisi, praktilisi oskusi ja parimaid praktikaid, ning osaleme teadusalases koost\u00f6\u00f6s. Igap\u00e4evaselt viime ettevalmistuse saanud koeratiimid kokku klientidega, aitame programmide jaoks v\u00e4lja t\u00f6\u00f6tada sobiliku tegevusplaani, metoodika\u00a0 ja standardid ning koordineerime tiimide t\u00f6\u00f6d.<\/p>\n<p>Oleme alates 2016. aasta juulikuust rahvusvahelise katusorganisatsiooni\u00a0<a href=\"http:\/\/www.iahaio.org\/new\/index.php\">IAHAIO<\/a>\u00a0(International Association of Human-Animal Interaction Organizations) t\u00e4isliige. Olles Eestis valdkonna teerajaja, juhindume valdkonna juurutamises ja arendamises ning oma tegevuse korraldamises, sealhulgas tegevust puudutavate reeglite loomises, IAHAIO\u00a0<a href=\"http:\/\/www.iahaio.org\/new\/fileuploads\/4163IAHAIO%20WHITE%20PAPER-%20FINAL%20-%20NOV%2024-2014.pdf\">valgest raamatust<\/a>, kohandades sealseid suuniseid.<\/p>\n<p>Asutasime koos Eesti Ratsutamisterapeutide Liiduga Eesti Abi- ja Teraapialoomi Kaasavate Organisatsioonide Liidu.<\/p>\n<p>2016. aasta veebruaris saime Eesti Vabariigi Kultuuriministeeriumilt tunnustava tiitli\u00a0<a href=\"http:\/\/www.kul.ee\/et\/uudised\/selgusid-2015-aastal-kultuuri-enim-toetanud-ettevotted\">kultuuris\u00f5ber 2015<\/a>.<\/p>","protected":false},"excerpt":{"rendered":"<p>Mittetulundus\u00fching Eesti Abi- ja Teraapiakoerte \u00dching on 2008. aastal loodud \u00fcleriigiline katusorganisatsioon, mis esindab f\u00fc\u00fcsilisi ja juriidilisi isikuid, kes t\u00f6\u00f6tavad koos teraapiakoertega tervishoiu-, haridus- ja sotsiaalvaldkonnas v\u00f5i on seotud teraapiakoerte kasvatamise ja ettevalmistamisega t\u00f6\u00f6ks. Meie eesm\u00e4rk on edendada koeri kaasavaid sekkumistegevusi Eestis, seista vastutustundliku lemmikloomapidamise eest ning v\u00e4\u00e4rtustada inimese ja koera vahelist sidet. Eesti Abi- [&hellip;]<\/p>","protected":false},"author":1,"featured_media":0,"parent":0,"menu_order":0,"comment_status":"closed","ping_status":"closed","template":"","meta":{"_surecart_dashboard_logo_width":"180px","_surecart_dashboard_show_logo":true,"_surecart_dashboard_navigation_orders":true,"_surecart_dashboard_navigation_invoices":true,"_surecart_dashboard_navigation_subscriptions":true,"_surecart_dashboard_navigation_downloads":true,"_surecart_dashboard_navigation_billing":true,"_surecart_dashboard_navigation_account":true,"_uag_custom_page_level_css":"","site-sidebar-layout":"no-sidebar","site-content-layout":"plain-container","ast-site-content-layout":"normal-width-container","site-content-style":"unboxed","site-sidebar-style":"unboxed","ast-global-header-display":"","ast-banner-title-visibility":"","ast-main-header-display":"","ast-hfb-above-header-display":"","ast-hfb-below-header-display":"","ast-hfb-mobile-header-display":"","site-post-title":"disabled","ast-breadcrumbs-content":"","ast-featured-img":"disabled","footer-sml-layout":"","theme-transparent-header-meta":"default","adv-header-id-meta":"","stick-header-meta":"","header-above-stick-meta":"","header-main-stick-meta":"","header-below-stick-meta":"","astra-migrate-meta-layouts":"set","ast-page-background-enabled":"default","ast-page-background-meta":{"desktop":{"background-color":"","background-image":"","background-repeat":"repeat","background-position":"center center","background-size":"auto","background-attachment":"scroll","background-type":"","background-media":"","overlay-type":"","overlay-color":"","overlay-opacity":"","overlay-gradient":""},"tablet":{"background-color":"","background-image":"","background-repeat":"repeat","background-position":"center center","background-size":"auto","background-attachment":"scroll","background-type":"","background-media":"","overlay-type":"","overlay-color":"","overlay-opacity":"","overlay-gradient":""},"mobile":{"background-color":"","background-image":"","background-repeat":"repeat","background-position":"center center","background-size":"auto","background-attachment":"scroll","background-type":"","background-media":"","overlay-type":"","overlay-color":"","overlay-opacity":"","overlay-gradient":""}},"ast-content-background-meta":{"desktop":{"background-color":"var(--ast-global-color-5)","background-image":"","background-repeat":"repeat","background-position":"center center","background-size":"auto","background-attachment":"scroll","background-type":"","background-media":"","overlay-type":"","overlay-color":"","overlay-opacity":"","overlay-gradient":""},"tablet":{"background-color":"var(--ast-global-color-5)","background-image":"","background-repeat":"repeat","background-position":"center center","background-size":"auto","background-attachment":"scroll","background-type":"","background-media":"","overlay-type":"","overlay-color":"","overlay-opacity":"","overlay-gradient":""},"mobile":{"background-color":"var(--ast-global-color-5)","background-image":"","background-repeat":"repeat","background-position":"center center","background-size":"auto","background-attachment":"scroll","background-type":"","background-media":"","overlay-type":"","overlay-color":"","overlay-opacity":"","overlay-gradient":""}},"footnotes":""},"class_list":["post-1042","page","type-page","status-publish","hentry"],"yoast_head":"<!-- This site is optimized with the Yoast SEO plugin v23.8 - https:\/\/yoast.com\/wordpress\/plugins\/seo\/ -->\n<title>Meist - teraapiakoerad<\/title>\n<meta name=\"robots\" content=\"noindex, follow, max-snippet:-1, max-image-preview:large, max-video-preview:-1\" \/>\n<meta property=\"og:locale\" content=\"en_GB\" \/>\n<meta property=\"og:type\" content=\"article\" \/>\n<meta property=\"og:title\" content=\"Meist - teraapiakoerad\" \/>\n<meta property=\"og:description\" content=\"Mittetulundus\u00fching Eesti Abi- ja Teraapiakoerte \u00dching on 2008. aastal loodud \u00fcleriigiline katusorganisatsioon, mis esindab f\u00fc\u00fcsilisi ja juriidilisi isikuid, kes t\u00f6\u00f6tavad koos teraapiakoertega tervishoiu-, haridus- ja sotsiaalvaldkonnas v\u00f5i on seotud teraapiakoerte kasvatamise ja ettevalmistamisega t\u00f6\u00f6ks. Meie eesm\u00e4rk on edendada koeri kaasavaid sekkumistegevusi Eestis, seista vastutustundliku lemmikloomapidamise eest ning v\u00e4\u00e4rtustada inimese ja koera vahelist sidet. Eesti Abi- [&hellip;]\" \/>\n<meta property=\"og:url\" content=\"https:\/\/koerad.virtuaalnetugi.ee\/en\/about-me\/\" \/>\n<meta property=\"og:site_name\" content=\"teraapiakoerad\" \/>\n<meta property=\"article:modified_time\" content=\"2024-10-14T20:23:10+00:00\" \/>\n<meta property=\"og:image\" content=\"http:\/\/koerad.virtuaalnetugi.ee\/wp-content\/uploads\/2024\/10\/koduka-avaleht3-scaled.jpg\" \/>\n<meta name=\"twitter:card\" content=\"summary_large_image\" \/>\n<meta name=\"twitter:label1\" content=\"Estimated reading time\" \/>\n\t<meta name=\"twitter:data1\" content=\"2 minutes\" \/>\n<script type=\"application\/ld+json\" class=\"yoast-schema-graph\">{\"@context\":\"https:\/\/schema.org\",\"@graph\":[{\"@type\":\"WebPage\",\"@id\":\"https:\/\/koerad.virtuaalnetugi.ee\/about-me\/\",\"url\":\"https:\/\/koerad.virtuaalnetugi.ee\/about-me\/\",\"name\":\"Meist - teraapiakoerad\",\"isPartOf\":{\"@id\":\"https:\/\/koerad.virtuaalnetugi.ee\/#website\"},\"primaryImageOfPage\":{\"@id\":\"https:\/\/koerad.virtuaalnetugi.ee\/about-me\/#primaryimage\"},\"image\":{\"@id\":\"https:\/\/koerad.virtuaalnetugi.ee\/about-me\/#primaryimage\"},\"thumbnailUrl\":\"http:\/\/koerad.virtuaalnetugi.ee\/wp-content\/uploads\/2024\/10\/koduka-avaleht3-scaled.jpg\",\"datePublished\":\"2024-10-10T10:56:35+00:00\",\"dateModified\":\"2024-10-14T20:23:10+00:00\",\"breadcrumb\":{\"@id\":\"https:\/\/koerad.virtuaalnetugi.ee\/about-me\/#breadcrumb\"},\"inLanguage\":\"en-GB\",\"potentialAction\":[{\"@type\":\"ReadAction\",\"target\":[\"https:\/\/koerad.virtuaalnetugi.ee\/about-me\/\"]}]},{\"@type\":\"ImageObject\",\"inLanguage\":\"en-GB\",\"@id\":\"https:\/\/koerad.virtuaalnetugi.ee\/about-me\/#primaryimage\",\"url\":\"http:\/\/koerad.virtuaalnetugi.ee\/wp-content\/uploads\/2024\/10\/koduka-avaleht3-scaled.jpg\",\"contentUrl\":\"http:\/\/koerad.virtuaalnetugi.ee\/wp-content\/uploads\/2024\/10\/koduka-avaleht3-scaled.jpg\"},{\"@type\":\"BreadcrumbList\",\"@id\":\"https:\/\/koerad.virtuaalnetugi.ee\/about-me\/#breadcrumb\",\"itemListElement\":[{\"@type\":\"ListItem\",\"position\":1,\"name\":\"Home\",\"item\":\"https:\/\/koerad.virtuaalnetugi.ee\/\"},{\"@type\":\"ListItem\",\"position\":2,\"name\":\"Meist\"}]},{\"@type\":\"WebSite\",\"@id\":\"https:\/\/koerad.virtuaalnetugi.ee\/#website\",\"url\":\"https:\/\/koerad.virtuaalnetugi.ee\/\",\"name\":\"teraapiakoerad\",\"description\":\"\",\"publisher\":{\"@id\":\"https:\/\/koerad.virtuaalnetugi.ee\/#organization\"},\"potentialAction\":[{\"@type\":\"SearchAction\",\"target\":{\"@type\":\"EntryPoint\",\"urlTemplate\":\"https:\/\/koerad.virtuaalnetugi.ee\/?s={search_term_string}\"},\"query-input\":{\"@type\":\"PropertyValueSpecification\",\"valueRequired\":true,\"valueName\":\"search_term_string\"}}],\"inLanguage\":\"en-GB\"},{\"@type\":\"Organization\",\"@id\":\"https:\/\/koerad.virtuaalnetugi.ee\/#organization\",\"name\":\"teraapiakoerad\",\"url\":\"https:\/\/koerad.virtuaalnetugi.ee\/\",\"logo\":{\"@type\":\"ImageObject\",\"inLanguage\":\"en-GB\",\"@id\":\"https:\/\/koerad.virtuaalnetugi.ee\/#\/schema\/logo\/image\/\",\"url\":\"https:\/\/koerad.virtuaalnetugi.ee\/wp-content\/uploads\/2024\/10\/cropped-cropped-EATKY_logo_tekstk6rval_SININE_EST-page-001-1.jpg\",\"contentUrl\":\"https:\/\/koerad.virtuaalnetugi.ee\/wp-content\/uploads\/2024\/10\/cropped-cropped-EATKY_logo_tekstk6rval_SININE_EST-page-001-1.jpg\",\"width\":2008,\"height\":660,\"caption\":\"teraapiakoerad\"},\"image\":{\"@id\":\"https:\/\/koerad.virtuaalnetugi.ee\/#\/schema\/logo\/image\/\"}}]}<\/script>\n<!-- \/ Yoast SEO plugin. -->","yoast_head_json":{"title":"Meist - teraapiakoerad","robots":{"index":"noindex","follow":"follow","max-snippet":"max-snippet:-1","max-image-preview":"max-image-preview:large","max-video-preview":"max-video-preview:-1"},"og_locale":"en_GB","og_type":"article","og_title":"Meist - teraapiakoerad","og_description":"Mittetulundus\u00fching Eesti Abi- ja Teraapiakoerte \u00dching on 2008. aastal loodud \u00fcleriigiline katusorganisatsioon, mis esindab f\u00fc\u00fcsilisi ja juriidilisi isikuid, kes t\u00f6\u00f6tavad koos teraapiakoertega tervishoiu-, haridus- ja sotsiaalvaldkonnas v\u00f5i on seotud teraapiakoerte kasvatamise ja ettevalmistamisega t\u00f6\u00f6ks. Meie eesm\u00e4rk on edendada koeri kaasavaid sekkumistegevusi Eestis, seista vastutustundliku lemmikloomapidamise eest ning v\u00e4\u00e4rtustada inimese ja koera vahelist sidet. Eesti Abi- [&hellip;]","og_url":"https:\/\/koerad.virtuaalnetugi.ee\/en\/about-me\/","og_site_name":"teraapiakoerad","article_modified_time":"2024-10-14T20:23:10+00:00","og_image":[{"url":"http:\/\/koerad.virtuaalnetugi.ee\/wp-content\/uploads\/2024\/10\/koduka-avaleht3-scaled.jpg"}],"twitter_card":"summary_large_image","twitter_misc":{"Estimated reading time":"2 minutes"},"schema":{"@context":"https:\/\/schema.org","@graph":[{"@type":"WebPage","@id":"https:\/\/koerad.virtuaalnetugi.ee\/about-me\/","url":"https:\/\/koerad.virtuaalnetugi.ee\/about-me\/","name":"Meist - teraapiakoerad","isPartOf":{"@id":"https:\/\/koerad.virtuaalnetugi.ee\/#website"},"primaryImageOfPage":{"@id":"https:\/\/koerad.virtuaalnetugi.ee\/about-me\/#primaryimage"},"image":{"@id":"https:\/\/koerad.virtuaalnetugi.ee\/about-me\/#primaryimage"},"thumbnailUrl":"http:\/\/koerad.virtuaalnetugi.ee\/wp-content\/uploads\/2024\/10\/koduka-avaleht3-scaled.jpg","datePublished":"2024-10-10T10:56:35+00:00","dateModified":"2024-10-14T20:23:10+00:00","breadcrumb":{"@id":"https:\/\/koerad.virtuaalnetugi.ee\/about-me\/#breadcrumb"},"inLanguage":"en-GB","potentialAction":[{"@type":"ReadAction","target":["https:\/\/koerad.virtuaalnetugi.ee\/about-me\/"]}]},{"@type":"ImageObject","inLanguage":"en-GB","@id":"https:\/\/koerad.virtuaalnetugi.ee\/about-me\/#primaryimage","url":"http:\/\/koerad.virtuaalnetugi.ee\/wp-content\/uploads\/2024\/10\/koduka-avaleht3-scaled.jpg","contentUrl":"http:\/\/koerad.virtuaalnetugi.ee\/wp-content\/uploads\/2024\/10\/koduka-avaleht3-scaled.jpg"},{"@type":"BreadcrumbList","@id":"https:\/\/koerad.virtuaalnetugi.ee\/about-me\/#breadcrumb","itemListElement":[{"@type":"ListItem","position":1,"name":"Home","item":"https:\/\/koerad.virtuaalnetugi.ee\/"},{"@type":"ListItem","position":2,"name":"Meist"}]},{"@type":"WebSite","@id":"https:\/\/koerad.virtuaalnetugi.ee\/#website","url":"https:\/\/koerad.virtuaalnetugi.ee\/","name":"teraapiakoerad","description":"","publisher":{"@id":"https:\/\/koerad.virtuaalnetugi.ee\/#organization"},"potentialAction":[{"@type":"SearchAction","target":{"@type":"EntryPoint","urlTemplate":"https:\/\/koerad.virtuaalnetugi.ee\/?s={search_term_string}"},"query-input":{"@type":"PropertyValueSpecification","valueRequired":true,"valueName":"search_term_string"}}],"inLanguage":"en-GB"},{"@type":"Organization","@id":"https:\/\/koerad.virtuaalnetugi.ee\/#organization","name":"teraapiakoerad","url":"https:\/\/koerad.virtuaalnetugi.ee\/","logo":{"@type":"ImageObject","inLanguage":"en-GB","@id":"https:\/\/koerad.virtuaalnetugi.ee\/#\/schema\/logo\/image\/","url":"https:\/\/koerad.virtuaalnetugi.ee\/wp-content\/uploads\/2024\/10\/cropped-cropped-EATKY_logo_tekstk6rval_SININE_EST-page-001-1.jpg","contentUrl":"https:\/\/koerad.virtuaalnetugi.ee\/wp-content\/uploads\/2024\/10\/cropped-cropped-EATKY_logo_tekstk6rval_SININE_EST-page-001-1.jpg","width":2008,"height":660,"caption":"teraapiakoerad"},"image":{"@id":"https:\/\/koerad.virtuaalnetugi.ee\/#\/schema\/logo\/image\/"}}]}},"uagb_featured_image_src":{"full":false,"thumbnail":false,"medium":false,"medium_large":false,"large":false,"1536x1536":false,"2048x2048":false,"trp-custom-language-flag":false,"woocommerce_thumbnail":false,"woocommerce_single":false,"woocommerce_gallery_thumbnail":false},"uagb_author_info":{"display_name":"Kristi","author_link":"https:\/\/koerad.virtuaalnetugi.ee\/en\/author\/kristi\/"},"uagb_comment_info":0,"uagb_excerpt":"Mittetulundus\u00fching Eesti Abi- ja Teraapiakoerte \u00dching on 2008. aastal loodud \u00fcleriigiline katusorganisatsioon, mis esindab f\u00fc\u00fcsilisi ja juriidilisi isikuid, kes t\u00f6\u00f6tavad koos teraapiakoertega tervishoiu-, haridus- ja sotsiaalvaldkonnas v\u00f5i on seotud teraapiakoerte kasvatamise ja ettevalmistamisega t\u00f6\u00f6ks. Meie eesm\u00e4rk on edendada koeri kaasavaid sekkumistegevusi Eestis, seista vastutustundliku lemmikloomapidamise eest ning v\u00e4\u00e4rtustada inimese ja koera vahelist sidet. Eesti Abi-&hellip;","_links":{"self":[{"href":"https:\/\/koerad.virtuaalnetugi.ee\/en\/wp-json\/wp\/v2\/pages\/1042","targetHints":{"allow":["GET"]}}],"collection":[{"href":"https:\/\/koerad.virtuaalnetugi.ee\/en\/wp-json\/wp\/v2\/pages"}],"about":[{"href":"https:\/\/koerad.virtuaalnetugi.ee\/en\/wp-json\/wp\/v2\/types\/page"}],"author":[{"embeddable":true,"href":"https:\/\/koerad.virtuaalnetugi.ee\/en\/wp-json\/wp\/v2\/users\/1"}],"replies":[{"embeddable":true,"href":"https:\/\/koerad.virtuaalnetugi.ee\/en\/wp-json\/wp\/v2\/comments?post=1042"}],"version-history":[{"count":5,"href":"https:\/\/koerad.virtuaalnetugi.ee\/en\/wp-json\/wp\/v2\/pages\/1042\/revisions"}],"predecessor-version":[{"id":1540,"href":"https:\/\/koerad.virtuaalnetugi.ee\/en\/wp-json\/wp\/v2\/pages\/1042\/revisions\/1540"}],"wp:attachment":[{"href":"https:\/\/koerad.virtuaalnetugi.ee\/en\/wp-json\/wp\/v2\/media?parent=1042"}],"curies":[{"name":"wp","href":"https:\/\/api.w.org\/{rel}","templated":true}]}}